{"id":176,"date":"2019-04-18T18:57:09","date_gmt":"2019-04-18T15:57:09","guid":{"rendered":"https:\/\/khayat-jouanny.com\/mentions-legales\/"},"modified":"2019-04-18T18:57:09","modified_gmt":"2019-04-18T15:57:09","slug":"mentions-legales","status":"publish","type":"page","link":"https:\/\/khayat-jouanny.com\/fr\/mentions-legales\/","title":{"rendered":"Mentions l\u00e9gales"},"content":{"rendered":"<p>La consultation de ce site internet suppose l\u2019acceptation pleine et sans r\u00e9serves des mentions suivantes.<\/p>\n<h2>PROPRI\u00c9T\u00c9 DU SITE<\/h2>\n<p>Le site <a href=\"https:\/\/khayat-jouanny.com\/fr\/\">https:\/\/khayat-jouanny.com<\/a>\u00a0est la propri\u00e9t\u00e9 des Drs Bertrand Khayat &amp; Guillaume Jouanny, chirurgiens-dentistes respectivement enregistr\u00e9s au r\u00e9pertoire partag\u00e9 des professionnels de sant\u00e9 (RPPS) sous les num\u00e9ros 10000084631 et 10005211601.<\/p>\n<h2>D\u00c9VELOPPEMENT DU SITE<\/h2>\n<p>Le site <a href=\"https:\/\/khayat-jouanny.com\/fr\/\">https:\/\/khayat-jouanny.com<\/a> est d\u00e9velopp\u00e9 et maintenu par la soci\u00e9t\u00e9 Mediweb.<\/p>\n<p>Mediweb<br \/>\n32, boulevard du Pr\u00e9sident Poincar\u00e9<br \/>\n67000 Strasbourg<br \/>\nwww.mediweb.co<\/p>\n<h2>H\u00c9BERGEMENT DU SITE<\/h2>\n<p>Le site <a href=\"https:\/\/khayat-jouanny.com\/fr\/\">https:\/\/khayat-jouanny.com<\/a>\u00a0est h\u00e9berg\u00e9 par la soci\u00e9t\u00e9 :<br \/>\nOVH SAS<br \/>\n2, rue Kellermann<br \/>\n59100 Roubaix<\/p>\n<h2>\u00c9DITEUR DU SITE<\/h2>\n<p>Le contenu du site <a href=\"https:\/\/khayat-jouanny.com\/fr\/\">https:\/\/khayat-jouanny.com<\/a> est \u00e9dit\u00e9 par les Drs Bertrand Khayat &amp; Guillaume Jouanny qui assurent conjointement le r\u00f4le de Directeur de la Publication.<\/p>\n<h2>PROPRI\u00c9T\u00c9 INTELLECTUELLE<\/h2>\n<p>Drs Bertrand Khayat &amp; Guillaume Jouanny sont propri\u00e9taires de la structure et de tous les contenus disponibles du site <a href=\"https:\/\/khayat-jouanny.com\/fr\/\">https:\/\/khayat-jouanny.com<\/a>\u00a0: textes, images, illustrations, logos, fichiers et bases de donn\u00e9es. Toute reproduction ou distribution, totale ou partielle, sans autorisation pr\u00e9alable est strictement interdite.<\/p>\n","protected":false},"excerpt":{"rendered":"<p>La consultation de ce site internet suppose l\u2019acceptation pleine et sans r\u00e9serves des mentions suivantes. PROPRI\u00c9T\u00c9 DU SITE Le site https:\/\/khayat-jouanny.com\u00a0est la propri\u00e9t\u00e9 des Drs Bertrand Khayat &amp; Guillaume Jouanny, chirurgiens-dentistes respectivement enregistr\u00e9s au r\u00e9pertoire partag\u00e9 des professionnels de sant\u00e9 (RPPS) sous les num\u00e9ros 10000084631 et 10005211601. D\u00c9VELOPPEMENT DU SITE Le site https:\/\/khayat-jouanny.com est d\u00e9velopp\u00e9 [&hellip;]<\/p>\n","protected":false},"author":1,"featured_media":0,"parent":0,"menu_order":0,"comment_status":"closed","ping_status":"closed","template":"mention.php","meta":[],"yoast_head":"\n<title>Mentions l\u00e9gales | Drs Khayat &amp; Jouanny<\/title>\n<meta name=\"robots\" content=\"index, follow, max-snippet:-1, max-image-preview:large, max-video-preview:-1\" \/>\n<link rel=\"canonical\" href=\"https:\/\/khayat-jouanny.com\/fr\/mentions-legales\/\" \/>\n<meta property=\"og:locale\" content=\"fr_FR\" \/>\n<meta property=\"og:type\" content=\"article\" \/>\n<meta property=\"og:title\" content=\"Mentions l\u00e9gales | Drs Khayat &amp; Jouanny\" \/>\n<meta property=\"og:description\" content=\"La consultation de ce site internet suppose l\u2019acceptation pleine et sans r\u00e9serves des mentions suivantes. PROPRI\u00c9T\u00c9 DU SITE Le site https:\/\/khayat-jouanny.com\u00a0est la propri\u00e9t\u00e9 des Drs Bertrand Khayat &amp; Guillaume Jouanny, chirurgiens-dentistes respectivement enregistr\u00e9s au r\u00e9pertoire partag\u00e9 des professionnels de sant\u00e9 (RPPS) sous les num\u00e9ros 10000084631 et 10005211601. D\u00c9VELOPPEMENT DU SITE Le site https:\/\/khayat-jouanny.com est d\u00e9velopp\u00e9 [&hellip;]\" \/>\n<meta property=\"og:url\" content=\"https:\/\/khayat-jouanny.com\/fr\/mentions-legales\/\" \/>\n<meta property=\"og:site_name\" content=\"Drs Khayat &amp; Jouanny\" \/>\n<meta name=\"twitter:card\" content=\"summary_large_image\" \/>\n<meta name=\"twitter:label1\" content=\"Dur\u00e9e de lecture est.\">\n\t<meta name=\"twitter:data1\" content=\"1 minute\">\n<script type=\"application\/ld+json\" class=\"yoast-schema-graph\">{\"@context\":\"https:\/\/schema.org\",\"@graph\":[{\"@type\":\"WebSite\",\"@id\":\"https:\/\/khayat-jouanny.com\/fr\/#website\",\"url\":\"https:\/\/khayat-jouanny.com\/fr\/\",\"name\":\"Drs Khayat &amp; Jouanny\",\"description\":\"Drs Khayat &amp; Jouanny\",\"potentialAction\":[{\"@type\":\"SearchAction\",\"target\":\"https:\/\/khayat-jouanny.com\/fr\/?s={search_term_string}\",\"query-input\":\"required name=search_term_string\"}],\"inLanguage\":\"fr-FR\"},{\"@type\":\"WebPage\",\"@id\":\"https:\/\/khayat-jouanny.com\/fr\/mentions-legales\/#webpage\",\"url\":\"https:\/\/khayat-jouanny.com\/fr\/mentions-legales\/\",\"name\":\"Mentions l\\u00e9gales | Drs Khayat &amp; Jouanny\",\"isPartOf\":{\"@id\":\"https:\/\/khayat-jouanny.com\/fr\/#website\"},\"datePublished\":\"2019-04-18T15:57:09+00:00\",\"dateModified\":\"2019-04-18T15:57:09+00:00\",\"breadcrumb\":{\"@id\":\"https:\/\/khayat-jouanny.com\/fr\/mentions-legales\/#breadcrumb\"},\"inLanguage\":\"fr-FR\",\"potentialAction\":[{\"@type\":\"ReadAction\",\"target\":[\"https:\/\/khayat-jouanny.com\/fr\/mentions-legales\/\"]}]},{\"@type\":\"BreadcrumbList\",\"@id\":\"https:\/\/khayat-jouanny.com\/fr\/mentions-legales\/#breadcrumb\",\"itemListElement\":[{\"@type\":\"ListItem\",\"position\":1,\"item\":{\"@type\":\"WebPage\",\"@id\":\"https:\/\/khayat-jouanny.com\/fr\/\",\"url\":\"https:\/\/khayat-jouanny.com\/fr\/\",\"name\":\"Home\"}},{\"@type\":\"ListItem\",\"position\":2,\"item\":{\"@id\":\"https:\/\/khayat-jouanny.com\/fr\/mentions-legales\/#webpage\"}}]}]}<\/script>\n","_links":{"self":[{"href":"https:\/\/khayat-jouanny.com\/fr\/wp-json\/wp\/v2\/pages\/176"}],"collection":[{"href":"https:\/\/khayat-jouanny.com\/fr\/wp-json\/wp\/v2\/pages"}],"about":[{"href":"https:\/\/khayat-jouanny.com\/fr\/wp-json\/wp\/v2\/types\/page"}],"author":[{"embeddable":true,"href":"https:\/\/khayat-jouanny.com\/fr\/wp-json\/wp\/v2\/users\/1"}],"replies":[{"embeddable":true,"href":"https:\/\/khayat-jouanny.com\/fr\/wp-json\/wp\/v2\/comments?post=176"}],"version-history":[{"count":0,"href":"https:\/\/khayat-jouanny.com\/fr\/wp-json\/wp\/v2\/pages\/176\/revisions"}],"wp:attachment":[{"href":"https:\/\/khayat-jouanny.com\/fr\/wp-json\/wp\/v2\/media?parent=176"}],"curies":[{"name":"wp","href":"https:\/\/api.w.org\/{rel}","templated":true}]}}